{"id":2360,"date":"2026-01-15T13:26:37","date_gmt":"2026-01-15T13:26:37","guid":{"rendered":"https:\/\/nomadafactory.com\/?post_type=product&#038;p=2360"},"modified":"2026-01-21T15:20:12","modified_gmt":"2026-01-21T15:20:12","slug":"buggies-src-mayo-2026-copia","status":"publish","type":"product","link":"https:\/\/nomadafactory.com\/index.php\/producto\/buggies-src-mayo-2026-copia\/","title":{"rendered":"BUGGIES SRC MAYO 2026"},"content":{"rendered":"<p>&nbsp;<\/p>\n<p>El verdadero esp\u00edritu n\u00f3mada est\u00e1 de vuelta\u2026 y es m\u00e1s extremo que nunca.<\/p>\n<p>De la experiencia <strong>Nomad Raid Challenge<\/strong>, <strong>Nomada Factory Events<\/strong> presenta el <strong>SUPER RAID CHALLENGE<\/strong>: una aventura \u00fanica en Marruecos con <strong>m\u00e1s navegaci\u00f3n, m\u00e1s desierto y m\u00e1s conexi\u00f3n con la naturaleza<\/strong>.<\/p>\n<p>Motos, quads, cl\u00e1sicos 4&#215;2, 4&#215;4, todoterrenos sport, buggies y camiones, unidos en un mismo desaf\u00edo.<br \/>\nRutas salvajes, dunas infinitas y <strong>vivacs bajo un cielo lleno de estrellas<\/strong>.<\/p>\n<p>No es solo un evento.<br \/>\nEs una experiencia que te cambiar\u00e1.<\/p>\n<p>\ud83d\udd25 <strong>SUPER RAID CHALLENGE<\/strong> \ud83d\udd25<br \/>\nPlazas limitadas.<br \/>\n\ud83d\udc49 <strong>\u00danete a la aventura.<\/strong><\/p>\n","protected":false},"excerpt":{"rendered":"<p>&nbsp; El verdadero esp\u00edritu n\u00f3mada est\u00e1 de vuelta\u2026 y es m\u00e1s extremo que nunca. De la experiencia Nomad Raid Challenge, Nomada Factory Events presenta el SUPER<span class=\"excerpt-hellip\"> [\u2026]<\/span><\/p>\n","protected":false},"featured_media":2357,"comment_status":"open","ping_status":"closed","template":"","meta":{"_joinchat":[]},"product_brand":[],"product_cat":[],"product_tag":[],"class_list":{"0":"post-2360","1":"product","2":"type-product","3":"status-publish","4":"has-post-thumbnail","7":"first","8":"instock","9":"taxable","10":"shipping-taxable","11":"purchasable","12":"product-type-variable"},"_links":{"self":[{"href":"https:\/\/nomadafactory.com\/index.php\/wp-json\/wp\/v2\/product\/2360","targetHints":{"allow":["GET"]}}],"collection":[{"href":"https:\/\/nomadafactory.com\/index.php\/wp-json\/wp\/v2\/product"}],"about":[{"href":"https:\/\/nomadafactory.com\/index.php\/wp-json\/wp\/v2\/types\/product"}],"replies":[{"embeddable":true,"href":"https:\/\/nomadafactory.com\/index.php\/wp-json\/wp\/v2\/comments?post=2360"}],"wp:featuredmedia":[{"embeddable":true,"href":"https:\/\/nomadafactory.com\/index.php\/wp-json\/wp\/v2\/media\/2357"}],"wp:attachment":[{"href":"https:\/\/nomadafactory.com\/index.php\/wp-json\/wp\/v2\/media?parent=2360"}],"wp:term":[{"taxonomy":"product_brand","embeddable":true,"href":"https:\/\/nomadafactory.com\/index.php\/wp-json\/wp\/v2\/product_brand?post=2360"},{"taxonomy":"product_cat","embeddable":true,"href":"https:\/\/nomadafactory.com\/index.php\/wp-json\/wp\/v2\/product_cat?post=2360"},{"taxonomy":"product_tag","embeddable":true,"href":"https:\/\/nomadafactory.com\/index.php\/wp-json\/wp\/v2\/product_tag?post=2360"}],"curies":[{"name":"wp","href":"https:\/\/api.w.org\/{rel}","templated":true}]}}